{"id":33,"date":"2026-02-13T09:33:26","date_gmt":"2026-02-13T09:33:26","guid":{"rendered":"https:\/\/openespais.com\/?page_id=33"},"modified":"2026-04-07T19:01:15","modified_gmt":"2026-04-07T19:01:15","slug":"experiencias","status":"publish","type":"page","link":"https:\/\/openespais.com\/en\/experiencias\/","title":{"rendered":"Experiences"},"content":{"rendered":"<div data-elementor-type=\"wp-page\" data-elementor-id=\"33\" class=\"elementor elementor-33\">\n\t\t\t\t\t\t<section class=\"elementor-section elementor-top-section elementor-element elementor-element-3cae0ac elementor-section-height-min-height elementor-section-content-middle elementor-section-items-top elementor-section-boxed elementor-section-height-default wpr-particle-no wpr-jarallax-no wpr-parallax-no wpr-sticky-section-no wpr-equal-height-no\" data-id=\"3cae0ac\" data-element_type=\"section\" data-e-type=\"section\" data-settings=\"{&quot;background_background&quot;:&quot;classic&quot;}\">\n\t\t\t\t\t\t\t<div class=\"elementor-background-overlay\"><\/div>\n\t\t\t\t\t\t\t<div class=\"elementor-container elementor-column-gap-default\">\n\t\t\t\t\t<div class=\"elementor-column elementor-col-100 elementor-top-column elementor-element elementor-element-5b5d2b8\" data-id=\"5b5d2b8\" data-element_type=\"column\" data-e-type=\"column\">\n\t\t\t<div class=\"elementor-widget-wrap elementor-element-populated\">\n\t\t\t\t\t\t<div class=\"elementor-element elementor-element-91b0650 elementor-widget elementor-widget-heading\" data-id=\"91b0650\" data-element_type=\"widget\" data-e-type=\"widget\" data-widget_type=\"heading.default\">\n\t\t\t\t\t<h1 class=\"elementor-heading-title elementor-size-default\">Experiences<\/h1>\t\t\t\t<\/div>\n\t\t\t\t<div class=\"elementor-element elementor-element-9edb0ad elementor-widget elementor-widget-heading\" data-id=\"9edb0ad\" data-element_type=\"widget\" data-e-type=\"widget\" data-widget_type=\"heading.default\">\n\t\t\t\t\t<h3 class=\"elementor-heading-title elementor-size-default\">With purpose, value, and lasting impact\n<\/h3>\t\t\t\t<\/div>\n\t\t\t\t<div class=\"elementor-element elementor-element-5049b07 elementor-widget-divider--view-line elementor-widget elementor-widget-divider\" data-id=\"5049b07\" data-element_type=\"widget\" data-e-type=\"widget\" data-widget_type=\"divider.default\">\n\t\t\t\t\t\t\t<div class=\"elementor-divider\">\n\t\t\t<span class=\"elementor-divider-separator\">\n\t\t\t\t\t\t<\/span>\n\t\t<\/div>\n\t\t\t\t\t\t<\/div>\n\t\t\t\t\t<\/div>\n\t\t<\/div>\n\t\t\t\t\t<\/div>\n\t\t<\/section>\n\t\t\t\t<section class=\"elementor-section elementor-top-section elementor-element elementor-element-bc981e4 elementor-section-boxed elementor-section-height-default elementor-section-height-default wpr-particle-no wpr-jarallax-no wpr-parallax-no wpr-sticky-section-no wpr-equal-height-no\" data-id=\"bc981e4\" data-element_type=\"section\" data-e-type=\"section\" data-settings=\"{&quot;animation&quot;:&quot;none&quot;}\">\n\t\t\t\t\t\t\t<div class=\"elementor-background-overlay\"><\/div>\n\t\t\t\t\t\t\t<div class=\"elementor-container elementor-column-gap-default\">\n\t\t\t\t\t<div class=\"elementor-column elementor-col-100 elementor-top-column elementor-element elementor-element-98c2c12 elementor-invisible\" data-id=\"98c2c12\" data-element_type=\"column\" data-e-type=\"column\" data-settings=\"{&quot;animation&quot;:&quot;fadeIn&quot;}\">\n\t\t\t<div class=\"elementor-widget-wrap elementor-element-populated\">\n\t\t\t\t\t\t<div class=\"elementor-element elementor-element-f5e0cd6 elementor-widget elementor-widget-heading\" data-id=\"f5e0cd6\" data-element_type=\"widget\" data-e-type=\"widget\" data-settings=\"{&quot;_animation&quot;:&quot;none&quot;}\" data-widget_type=\"heading.default\">\n\t\t\t\t\t<h2 class=\"elementor-heading-title elementor-size-default\">When the environment inspires, ideas flow. And when people truly connect, extraordinary things happen. <\/h2>\t\t\t\t<\/div>\n\t\t\t\t<div class=\"elementor-element elementor-element-86d1add elementor-widget elementor-widget-image\" data-id=\"86d1add\" data-element_type=\"widget\" data-e-type=\"widget\" data-widget_type=\"image.default\">\n\t\t\t\t\t\t\t\t\t\t\t\t\t\t\t<img fetchpriority=\"high\" decoding=\"async\" width=\"668\" height=\"668\" src=\"https:\/\/openespais.com\/wp-content\/uploads\/2026\/02\/Captura-de-pantalla-2026-02-18-a-las-11.43.14.png\" class=\"attachment-large size-large wp-image-200\" alt=\"\" srcset=\"https:\/\/openespais.com\/wp-content\/uploads\/2026\/02\/Captura-de-pantalla-2026-02-18-a-las-11.43.14.png 668w, https:\/\/openespais.com\/wp-content\/uploads\/2026\/02\/Captura-de-pantalla-2026-02-18-a-las-11.43.14-300x300.png 300w, https:\/\/openespais.com\/wp-content\/uploads\/2026\/02\/Captura-de-pantalla-2026-02-18-a-las-11.43.14-150x150.png 150w\" sizes=\"(max-width: 668px) 100vw, 668px\" \/>\t\t\t\t\t\t\t\t\t\t\t\t\t\t\t<\/div>\n\t\t\t\t<div class=\"elementor-element elementor-element-2ec97f0 elementor-widget elementor-widget-text-editor\" data-id=\"2ec97f0\" data-element_type=\"widget\" data-e-type=\"widget\" data-widget_type=\"text-editor.default\">\n\t\t\t\t\t\t\t\t\t<p><span style=\"font-weight: 400;\">Our experiences are designed to inspire, motivate, and strengthen teams, always with a clear focus: delivering value. That is why we integrate each project into its environment, highlighting the destination, its culture, and identity as an essential part of the experience.<\/span><\/p><p><span style=\"font-weight: 400;\">Today more than ever is the time to <\/span><b>meaningful experiences<\/b><span style=\"font-weight: 400;\"> by embracing simple, natural, and often overlooked resources that, without us even realizing it, have become a <\/span><b>true luxury<\/b><span style=\"font-weight: 400;\">. Technology will never replace the sensations and emotions that come from human connection.<\/span><\/p><h4 data-section-id=\"1t79jn6\" data-start=\"670\" data-end=\"718\" class=\"translation-block\">Natural Meetings: reconnecting with what truly matters<\/h4><p><span style=\"font-weight: 400;\">We believe in the power of nature as a catalyst for change. That is why <strong>N<\/strong><\/span><b>atural Meetings<\/b><span style=\"font-weight: 400;\"> was created\u2014a concept designed to take companies beyond urban settings and bring them into environments that foster creativity, well-being, and genuine human connection.<\/span><\/p><h4 data-section-id=\"dqeehr\" data-start=\"988\" data-end=\"1028\"><em><strong>MICE experiences<\/strong> that create impact<\/em><\/h4><p><span style=\"font-weight: 400;\">We design corporate experiences where every detail has a purpose. Tailored for the MICE sector, our proposals go beyond the conventional to become true tools for transformation.<\/span><\/p><p><b>Because the best decisions are not always made in a meeting room.<\/b><\/p>\t\t\t\t\t\t\t\t<\/div>\n\t\t\t\t\t<\/div>\n\t\t<\/div>\n\t\t\t\t\t<\/div>\n\t\t<\/section>\n\t\t\t\t<section class=\"elementor-section elementor-top-section elementor-element elementor-element-1b85d29 elementor-section-height-min-height elementor-section-boxed elementor-section-height-default elementor-section-items-middle wpr-particle-no wpr-jarallax-no wpr-parallax-no wpr-sticky-section-no wpr-equal-height-no\" data-id=\"1b85d29\" data-element_type=\"section\" data-e-type=\"section\" data-settings=\"{&quot;background_background&quot;:&quot;classic&quot;,&quot;shape_divider_top&quot;:&quot;tilt&quot;,&quot;shape_divider_bottom&quot;:&quot;tilt&quot;,&quot;animation&quot;:&quot;none&quot;}\">\n\t\t\t\t\t<div class=\"elementor-shape elementor-shape-top\" aria-hidden=\"true\" data-negative=\"false\">\n\t\t\t<svg xmlns=\"http:\/\/www.w3.org\/2000\/svg\" viewbox=\"0 0 1000 100\" preserveaspectratio=\"none\">\n\t<path class=\"elementor-shape-fill\" d=\"M0,6V0h1000v100L0,6z\"\/>\n<\/svg>\t\t<\/div>\n\t\t\t\t<div class=\"elementor-shape elementor-shape-bottom\" aria-hidden=\"true\" data-negative=\"false\">\n\t\t\t<svg xmlns=\"http:\/\/www.w3.org\/2000\/svg\" viewbox=\"0 0 1000 100\" preserveaspectratio=\"none\">\n\t<path class=\"elementor-shape-fill\" d=\"M0,6V0h1000v100L0,6z\"\/>\n<\/svg>\t\t<\/div>\n\t\t\t\t\t<div class=\"elementor-container elementor-column-gap-default\">\n\t\t\t\t\t<div class=\"elementor-column elementor-col-100 elementor-top-column elementor-element elementor-element-1209fd3\" data-id=\"1209fd3\" data-element_type=\"column\" data-e-type=\"column\" data-settings=\"{&quot;animation&quot;:&quot;none&quot;}\">\n\t\t\t<div class=\"elementor-widget-wrap elementor-element-populated\">\n\t\t\t\t\t\t<div class=\"elementor-element elementor-element-7ff7da9 elementor-widget elementor-widget-heading\" data-id=\"7ff7da9\" data-element_type=\"widget\" data-e-type=\"widget\" data-settings=\"{&quot;_animation&quot;:&quot;none&quot;}\" data-widget_type=\"heading.default\">\n\t\t\t\t\t<h2 class=\"elementor-heading-title elementor-size-default\">Some of our experiences <\/h2>\t\t\t\t<\/div>\n\t\t\t\t<div class=\"elementor-element elementor-element-1ae398a elementor-widget-divider--view-line elementor-widget elementor-widget-divider\" data-id=\"1ae398a\" data-element_type=\"widget\" data-e-type=\"widget\" data-widget_type=\"divider.default\">\n\t\t\t\t\t\t\t<div class=\"elementor-divider\">\n\t\t\t<span class=\"elementor-divider-separator\">\n\t\t\t\t\t\t<\/span>\n\t\t<\/div>\n\t\t\t\t\t\t<\/div>\n\t\t\t\t<div class=\"elementor-element elementor-element-d46789e elementor-widget elementor-widget-heading\" data-id=\"d46789e\" data-element_type=\"widget\" data-e-type=\"widget\" data-settings=\"{&quot;_animation&quot;:&quot;none&quot;}\" data-widget_type=\"heading.default\">\n\t\t\t\t\t<h2 class=\"elementor-heading-title elementor-size-default\"><a href=\"https:\/\/openespais.com\/en\/contacto\/\">If you\u2019d like to discover more experiences, get in touch with us.<\/a><\/h2>\t\t\t\t<\/div>\n\t\t\t\t<section class=\"elementor-section elementor-inner-section elementor-element elementor-element-0e3366e elementor-section-boxed elementor-section-height-default elementor-section-height-default wpr-particle-no wpr-jarallax-no wpr-parallax-no wpr-sticky-section-no wpr-equal-height-no\" data-id=\"0e3366e\" data-element_type=\"section\" data-e-type=\"section\" data-settings=\"{&quot;animation&quot;:&quot;none&quot;}\">\n\t\t\t\t\t\t<div class=\"elementor-container elementor-column-gap-default\">\n\t\t\t\t\t<div class=\"elementor-column elementor-col-100 elementor-inner-column elementor-element elementor-element-bea3166\" data-id=\"bea3166\" data-element_type=\"column\" data-e-type=\"column\" data-settings=\"{&quot;animation&quot;:&quot;none&quot;}\">\n\t\t\t<div class=\"elementor-widget-wrap elementor-element-populated\">\n\t\t\t\t<div class=\"elementor-element elementor-element-6c90b52 e-grid e-con-boxed wpr-particle-no wpr-jarallax-no wpr-parallax-no wpr-sticky-section-no wpr-equal-height-no e-con e-parent\" data-id=\"6c90b52\" data-element_type=\"container\" data-e-type=\"container\">\n\t\t\t\t\t<div class=\"e-con-inner\">\n\t\t\t\t<div class=\"elementor-element elementor-element-3448fee elementor-position-top elementor-widget elementor-widget-image-box\" data-id=\"3448fee\" data-element_type=\"widget\" data-e-type=\"widget\" data-widget_type=\"image-box.default\">\n\t\t\t\t\t<div class=\"elementor-image-box-wrapper\"><figure class=\"elementor-image-box-img\"><a href=\"https:\/\/openespais.com\/en\/experiencias\/castillo-en-costa-brava\/\" tabindex=\"-1\"><img decoding=\"async\" width=\"600\" height=\"800\" src=\"https:\/\/openespais.com\/wp-content\/uploads\/2026\/03\/Castillo.jpg\" class=\"attachment-full size-full wp-image-881\" alt=\"\" srcset=\"https:\/\/openespais.com\/wp-content\/uploads\/2026\/03\/Castillo.jpg 600w, https:\/\/openespais.com\/wp-content\/uploads\/2026\/03\/Castillo-225x300.jpg 225w\" sizes=\"(max-width: 600px) 100vw, 600px\" \/><\/a><\/figure><div class=\"elementor-image-box-content\"><h3 class=\"elementor-image-box-title\"><a href=\"https:\/\/openespais.com\/en\/experiencias\/castillo-en-costa-brava\/\">Castle on the Costa Brava<\/a><\/h3><p class=\"elementor-image-box-description\">Timeless disconnection  <\/p><\/div><\/div>\t\t\t\t<\/div>\n\t\t\t\t<div class=\"elementor-element elementor-element-9cdff8e elementor-position-top elementor-widget elementor-widget-image-box\" data-id=\"9cdff8e\" data-element_type=\"widget\" data-e-type=\"widget\" data-widget_type=\"image-box.default\">\n\t\t\t\t\t<div class=\"elementor-image-box-wrapper\"><figure class=\"elementor-image-box-img\"><a href=\"https:\/\/openespais.com\/en\/experiencias\/blanca-baqueira-beret\/\" tabindex=\"-1\"><img decoding=\"async\" width=\"600\" height=\"800\" src=\"https:\/\/openespais.com\/wp-content\/uploads\/2026\/03\/ski-1.jpg\" class=\"attachment-full size-full wp-image-978\" alt=\"\" srcset=\"https:\/\/openespais.com\/wp-content\/uploads\/2026\/03\/ski-1.jpg 600w, https:\/\/openespais.com\/wp-content\/uploads\/2026\/03\/ski-1-225x300.jpg 225w\" sizes=\"(max-width: 600px) 100vw, 600px\" \/><\/a><\/figure><div class=\"elementor-image-box-content\"><h3 class=\"elementor-image-box-title\"><a href=\"https:\/\/openespais.com\/en\/experiencias\/blanca-baqueira-beret\/\">White Baqueira Beret<\/a><\/h3><p class=\"elementor-image-box-description\">Skiing and much more<\/p><\/div><\/div>\t\t\t\t<\/div>\n\t\t\t\t<div class=\"elementor-element elementor-element-c6e3848 elementor-position-top elementor-widget elementor-widget-image-box\" data-id=\"c6e3848\" data-element_type=\"widget\" data-e-type=\"widget\" data-widget_type=\"image-box.default\">\n\t\t\t\t\t<div class=\"elementor-image-box-wrapper\"><figure class=\"elementor-image-box-img\"><a href=\"https:\/\/openespais.com\/en\/experiencias\/la-esencia-del-priorat\/\" tabindex=\"-1\"><img loading=\"lazy\" decoding=\"async\" width=\"600\" height=\"800\" src=\"https:\/\/openespais.com\/wp-content\/uploads\/2026\/03\/Priorat.jpg\" class=\"attachment-full size-full wp-image-884\" alt=\"\" srcset=\"https:\/\/openespais.com\/wp-content\/uploads\/2026\/03\/Priorat.jpg 600w, https:\/\/openespais.com\/wp-content\/uploads\/2026\/03\/Priorat-225x300.jpg 225w\" sizes=\"(max-width: 600px) 100vw, 600px\" \/><\/a><\/figure><div class=\"elementor-image-box-content\"><h3 class=\"elementor-image-box-title\"><a href=\"https:\/\/openespais.com\/en\/experiencias\/la-esencia-del-priorat\/\">The essence of Priorat<\/a><\/h3><p class=\"elementor-image-box-description\">Vineyards and olive groves\n<\/p><\/div><\/div>\t\t\t\t<\/div>\n\t\t\t\t<div class=\"elementor-element elementor-element-8c02416 elementor-position-top elementor-widget elementor-widget-image-box\" data-id=\"8c02416\" data-element_type=\"widget\" data-e-type=\"widget\" data-widget_type=\"image-box.default\">\n\t\t\t\t\t<div class=\"elementor-image-box-wrapper\"><figure class=\"elementor-image-box-img\"><a href=\"https:\/\/openespais.com\/en\/experiencias\/barcelona-capital-mundial-de-la-arquitectura-2026\/\" tabindex=\"-1\"><img loading=\"lazy\" decoding=\"async\" width=\"600\" height=\"800\" src=\"https:\/\/openespais.com\/wp-content\/uploads\/2026\/03\/portbcn.jpg\" class=\"attachment-full size-full wp-image-1431\" alt=\"\" srcset=\"https:\/\/openespais.com\/wp-content\/uploads\/2026\/03\/portbcn.jpg 600w, https:\/\/openespais.com\/wp-content\/uploads\/2026\/03\/portbcn-225x300.jpg 225w, https:\/\/openespais.com\/wp-content\/uploads\/2026\/03\/portbcn-9x12.jpg 9w\" sizes=\"(max-width: 600px) 100vw, 600px\" \/><\/a><\/figure><div class=\"elementor-image-box-content\"><h3 class=\"elementor-image-box-title\"><a href=\"https:\/\/openespais.com\/en\/experiencias\/barcelona-capital-mundial-de-la-arquitectura-2026\/\">\u00a0Barcelona<\/a><\/h3><p class=\"elementor-image-box-description\">World Capital of Architecture.<\/p><\/div><\/div>\t\t\t\t<\/div>\n\t\t\t\t<div class=\"elementor-element elementor-element-5fd9ea4 elementor-position-top elementor-widget elementor-widget-image-box\" data-id=\"5fd9ea4\" data-element_type=\"widget\" data-e-type=\"widget\" data-widget_type=\"image-box.default\">\n\t\t\t\t\t<div class=\"elementor-image-box-wrapper\"><figure class=\"elementor-image-box-img\"><a href=\"https:\/\/openespais.com\/en\/experiencias\/experiencia-olfativa-en-el-emporda\/\" tabindex=\"-1\"><img loading=\"lazy\" decoding=\"async\" width=\"600\" height=\"800\" src=\"https:\/\/openespais.com\/wp-content\/uploads\/2026\/03\/Paseo-1.jpg\" class=\"attachment-full size-full wp-image-977\" alt=\"\" srcset=\"https:\/\/openespais.com\/wp-content\/uploads\/2026\/03\/Paseo-1.jpg 600w, https:\/\/openespais.com\/wp-content\/uploads\/2026\/03\/Paseo-1-225x300.jpg 225w\" sizes=\"(max-width: 600px) 100vw, 600px\" \/><\/a><\/figure><div class=\"elementor-image-box-content\"><h3 class=\"elementor-image-box-title\"><a href=\"https:\/\/openespais.com\/en\/experiencias\/experiencia-olfativa-en-el-emporda\/\">Create your own perfume<\/a><\/h3><p class=\"elementor-image-box-description\">Sensory experience in the countryside \n<\/p><\/div><\/div>\t\t\t\t<\/div>\n\t\t\t\t<div class=\"elementor-element elementor-element-4541cf0 elementor-position-top elementor-widget elementor-widget-image-box\" data-id=\"4541cf0\" data-element_type=\"widget\" data-e-type=\"widget\" data-widget_type=\"image-box.default\">\n\t\t\t\t\t<div class=\"elementor-image-box-wrapper\"><figure class=\"elementor-image-box-img\"><a href=\"https:\/\/openespais.com\/en\/experiencias\/penedes-descubre-el-alma-del-cava\/\" tabindex=\"-1\"><img decoding=\"async\" src=\"https:\/\/openespais.com\/wp-content\/uploads\/2026\/03\/penedes.jpg\" title=\"penedes\" alt=\"penedes\" loading=\"lazy\" \/><\/a><\/figure><div class=\"elementor-image-box-content\"><h3 class=\"elementor-image-box-title\"><a href=\"https:\/\/openespais.com\/en\/experiencias\/penedes-descubre-el-alma-del-cava\/\">Pened\u00e9s<\/a><\/h3><p class=\"elementor-image-box-description\"> Discover the soul of Cava<\/p><\/div><\/div>\t\t\t\t<\/div>\n\t\t\t\t\t<\/div>\n\t\t\t\t<\/div>\n\t\t\t\t\t<\/div>\n\t\t<\/div>\n\t\t\t\t\t<\/div>\n\t\t<\/section>\n\t\t\t\t\t<\/div>\n\t\t<\/div>\n\t\t\t\t\t<\/div>\n\t\t<\/section>\n\t\t\t\t<\/div>","protected":false},"excerpt":{"rendered":"<p>Experiencias Con sentido, con valor y perdurables Cuando el entorno inspira, las ideas fluyen. Y cuando las personas conectan de verdad, suceden cosas extraordinarias. Nuestras experiencias est\u00e1n pensadas para inspirar, motivar y fortalecer equipos, siempre con un enfoque claro: aportar valor. Por eso integramos cada proyecto en su entorno, poniendo en valor el territorio, su cultura y su identidad como parte esencial de la experiencia. Hoy m\u00e1s que nunca es el momento de crear experiencia aprovechando recursos sencillos, naturales y olvidados que\u00a0 sin darnos cuenta se han convertido en un lujo natural. La tecnolog\u00eda no podr\u00e1 nunca reemplazar las sensaciones y emociones que se viven de las relaciones humanas. Reuniones naturales: conectar con lo esencial Creemos en el poder de la naturaleza como catalizador de cambio. Por eso nace Reuniones Naturales, una l\u00ednea pensada para llevar a las empresas fuera de los n\u00facleos urbanos y acercarlas a entornos que favorecen la creatividad, el bienestar y la conexi\u00f3n humana. Experiencias MICE que generan impacto Dise\u00f1amos experiencias corporativas donde cada detalle tiene un prop\u00f3sito. Propuestas concebidas para el sector MICE que trascienden lo convencional y se convierten en aut\u00e9nticas herramientas de transformaci\u00f3n. Porque las mejores decisiones no siempre se toman en una sala de reuniones. Alguna de nuestras experiencias Si quieres conocer otras experiencias, cont\u00e1ctanos Castillo en Costa Brava Desconexi\u00f3n milenaria Blanca Baqueira Beret Ski y mucho m\u00e1s La esencia del Priorat Vi\u00f1a y aceituna Barcelona Capital Mundial de la Arquitectura Crea tu perfume Experiencia Sensorial en el campo Pened\u00e9s Descubre el alma del Cava<\/p>","protected":false},"author":2,"featured_media":0,"parent":0,"menu_order":0,"comment_status":"closed","ping_status":"closed","template":"elementor_header_footer","meta":{"footnotes":""},"class_list":["post-33","page","type-page","status-publish","hentry"],"_links":{"self":[{"href":"https:\/\/openespais.com\/en\/wp-json\/wp\/v2\/pages\/33","targetHints":{"allow":["GET"]}}],"collection":[{"href":"https:\/\/openespais.com\/en\/wp-json\/wp\/v2\/pages"}],"about":[{"href":"https:\/\/openespais.com\/en\/wp-json\/wp\/v2\/types\/page"}],"author":[{"embeddable":true,"href":"https:\/\/openespais.com\/en\/wp-json\/wp\/v2\/users\/2"}],"replies":[{"embeddable":true,"href":"https:\/\/openespais.com\/en\/wp-json\/wp\/v2\/comments?post=33"}],"version-history":[{"count":58,"href":"https:\/\/openespais.com\/en\/wp-json\/wp\/v2\/pages\/33\/revisions"}],"predecessor-version":[{"id":1704,"href":"https:\/\/openespais.com\/en\/wp-json\/wp\/v2\/pages\/33\/revisions\/1704"}],"wp:attachment":[{"href":"https:\/\/openespais.com\/en\/wp-json\/wp\/v2\/media?parent=33"}],"curies":[{"name":"wp","href":"https:\/\/api.w.org\/{rel}","templated":true}]}}