{"id":516,"date":"2026-03-06T10:36:05","date_gmt":"2026-03-06T10:36:05","guid":{"rendered":"https:\/\/openespais.com\/?page_id=516"},"modified":"2026-04-07T15:39:41","modified_gmt":"2026-04-07T15:39:41","slug":"espacios","status":"publish","type":"page","link":"https:\/\/openespais.com\/en\/espacios\/","title":{"rendered":"Venues"},"content":{"rendered":"<div data-elementor-type=\"wp-page\" data-elementor-id=\"516\" class=\"elementor elementor-516\">\n\t\t\t\t\t\t<section class=\"elementor-section elementor-top-section elementor-element elementor-element-1acdf422 elementor-section-height-full elementor-section-content-middle elementor-section-boxed elementor-section-height-default elementor-section-items-middle wpr-particle-no wpr-jarallax-no wpr-parallax-no wpr-sticky-section-no wpr-equal-height-no\" data-id=\"1acdf422\" data-element_type=\"section\" data-e-type=\"section\" data-settings=\"{&quot;background_background&quot;:&quot;classic&quot;}\">\n\t\t\t\t\t\t\t<div class=\"elementor-background-overlay\"><\/div>\n\t\t\t\t\t\t\t<div class=\"elementor-container elementor-column-gap-default\">\n\t\t\t\t\t<div class=\"elementor-column elementor-col-100 elementor-top-column elementor-element elementor-element-272536a1\" data-id=\"272536a1\" data-element_type=\"column\" data-e-type=\"column\">\n\t\t\t<div class=\"elementor-widget-wrap elementor-element-populated\">\n\t\t\t\t\t\t<div class=\"elementor-element elementor-element-7041fd3d elementor-widget elementor-widget-heading\" data-id=\"7041fd3d\" data-element_type=\"widget\" data-e-type=\"widget\" data-widget_type=\"heading.default\">\n\t\t\t\t\t<h1 class=\"elementor-heading-title elementor-size-default\">Venues with soul<\/h1>\t\t\t\t<\/div>\n\t\t\t\t<div class=\"elementor-element elementor-element-28006e63 elementor-widget-divider--view-line elementor-widget elementor-widget-divider\" data-id=\"28006e63\" data-element_type=\"widget\" data-e-type=\"widget\" data-widget_type=\"divider.default\">\n\t\t\t\t\t\t\t<div class=\"elementor-divider\">\n\t\t\t<span class=\"elementor-divider-separator\">\n\t\t\t\t\t\t<\/span>\n\t\t<\/div>\n\t\t\t\t\t\t<\/div>\n\t\t\t\t\t<\/div>\n\t\t<\/div>\n\t\t\t\t\t<\/div>\n\t\t<\/section>\n\t\t\t\t<section class=\"elementor-section elementor-top-section elementor-element elementor-element-732a2fe6 elementor-section-boxed elementor-section-height-default elementor-section-height-default wpr-particle-no wpr-jarallax-no wpr-parallax-no wpr-sticky-section-no wpr-equal-height-no\" data-id=\"732a2fe6\" data-element_type=\"section\" data-e-type=\"section\" data-settings=\"{&quot;animation&quot;:&quot;none&quot;}\">\n\t\t\t\t\t\t\t<div class=\"elementor-background-overlay\"><\/div>\n\t\t\t\t\t\t\t<div class=\"elementor-container elementor-column-gap-default\">\n\t\t\t\t\t<div class=\"elementor-column elementor-col-100 elementor-top-column elementor-element elementor-element-113adfbc elementor-invisible\" data-id=\"113adfbc\" data-element_type=\"column\" data-e-type=\"column\" data-settings=\"{&quot;animation&quot;:&quot;fadeIn&quot;}\">\n\t\t\t<div class=\"elementor-widget-wrap elementor-element-populated\">\n\t\t\t\t\t\t<div class=\"elementor-element elementor-element-653fe90a elementor-widget elementor-widget-heading\" data-id=\"653fe90a\" data-element_type=\"widget\" data-e-type=\"widget\" data-settings=\"{&quot;_animation&quot;:&quot;none&quot;}\" data-widget_type=\"heading.default\">\n\t\t\t\t\t<h2 class=\"elementor-heading-title elementor-size-default\">One of the determining factors for the success of your event is the correct choice of venue...\n<\/h2>\t\t\t\t<\/div>\n\t\t\t\t<div class=\"elementor-element elementor-element-112bc64d elementor-widget elementor-widget-image\" data-id=\"112bc64d\" data-element_type=\"widget\" data-e-type=\"widget\" data-widget_type=\"image.default\">\n\t\t\t\t\t\t\t\t\t\t\t\t\t\t\t<img fetchpriority=\"high\" decoding=\"async\" width=\"668\" height=\"668\" src=\"https:\/\/openespais.com\/wp-content\/uploads\/2026\/02\/Captura-de-pantalla-2026-02-18-a-las-11.43.14.png\" class=\"attachment-large size-large wp-image-200\" alt=\"\" srcset=\"https:\/\/openespais.com\/wp-content\/uploads\/2026\/02\/Captura-de-pantalla-2026-02-18-a-las-11.43.14.png 668w, https:\/\/openespais.com\/wp-content\/uploads\/2026\/02\/Captura-de-pantalla-2026-02-18-a-las-11.43.14-300x300.png 300w, https:\/\/openespais.com\/wp-content\/uploads\/2026\/02\/Captura-de-pantalla-2026-02-18-a-las-11.43.14-150x150.png 150w\" sizes=\"(max-width: 668px) 100vw, 668px\" \/>\t\t\t\t\t\t\t\t\t\t\t\t\t\t\t<\/div>\n\t\t\t\t<div class=\"elementor-element elementor-element-22a136cc elementor-widget elementor-widget-text-editor\" data-id=\"22a136cc\" data-element_type=\"widget\" data-e-type=\"widget\" data-settings=\"{&quot;_animation&quot;:&quot;none&quot;}\" data-widget_type=\"text-editor.default\">\n\t\t\t\t\t\t\t\t\t<p><span style=\"font-weight: 400;\">That's why we specialize in finding the perfect space for every occasion. We're passionate about it and always stay up-to-date to offer new and unique locations.<\/span><\/p><p>\u00a0<\/p><p><span style=\"font-weight: 400;\">Our experience leads us to choose unique venues, spaces with personality and soul, versatile and adaptable to different types of events.<\/span><\/p><p>\u00a0<\/p><p><span style=\"font-weight: 400;\">We present a small and varied selection of some of our spaces in Catalonia and the rest of Spain, but we have many more to offer and surprise you.\u00a0<\/span><\/p>\t\t\t\t\t\t\t\t<\/div>\n\t\t\t\t\t<\/div>\n\t\t<\/div>\n\t\t\t\t\t<\/div>\n\t\t<\/section>\n\t\t\t\t<section class=\"elementor-section elementor-top-section elementor-element elementor-element-303cc0b4 elementor-section-height-min-height elementor-section-boxed elementor-section-height-default elementor-section-items-middle wpr-particle-no wpr-jarallax-no wpr-parallax-no wpr-sticky-section-no wpr-equal-height-no\" data-id=\"303cc0b4\" data-element_type=\"section\" data-e-type=\"section\" data-settings=\"{&quot;background_background&quot;:&quot;classic&quot;,&quot;shape_divider_top&quot;:&quot;tilt&quot;,&quot;shape_divider_bottom&quot;:&quot;tilt&quot;,&quot;animation&quot;:&quot;none&quot;}\">\n\t\t\t\t\t<div class=\"elementor-shape elementor-shape-top\" aria-hidden=\"true\" data-negative=\"false\">\n\t\t\t<svg xmlns=\"http:\/\/www.w3.org\/2000\/svg\" viewbox=\"0 0 1000 100\" preserveaspectratio=\"none\">\n\t<path class=\"elementor-shape-fill\" d=\"M0,6V0h1000v100L0,6z\"\/>\n<\/svg>\t\t<\/div>\n\t\t\t\t<div class=\"elementor-shape elementor-shape-bottom\" aria-hidden=\"true\" data-negative=\"false\">\n\t\t\t<svg xmlns=\"http:\/\/www.w3.org\/2000\/svg\" viewbox=\"0 0 1000 100\" preserveaspectratio=\"none\">\n\t<path class=\"elementor-shape-fill\" d=\"M0,6V0h1000v100L0,6z\"\/>\n<\/svg>\t\t<\/div>\n\t\t\t\t\t<div class=\"elementor-container elementor-column-gap-default\">\n\t\t\t\t\t<div class=\"elementor-column elementor-col-100 elementor-top-column elementor-element elementor-element-5d6ae030\" data-id=\"5d6ae030\" data-element_type=\"column\" data-e-type=\"column\" data-settings=\"{&quot;animation&quot;:&quot;none&quot;}\">\n\t\t\t<div class=\"elementor-widget-wrap elementor-element-populated\">\n\t\t\t\t\t\t<section class=\"elementor-section elementor-inner-section elementor-element elementor-element-5c94cb80 elementor-section-boxed elementor-section-height-default elementor-section-height-default wpr-particle-no wpr-jarallax-no wpr-parallax-no wpr-sticky-section-no wpr-equal-height-no\" data-id=\"5c94cb80\" data-element_type=\"section\" data-e-type=\"section\" data-settings=\"{&quot;animation&quot;:&quot;none&quot;}\">\n\t\t\t\t\t\t<div class=\"elementor-container elementor-column-gap-default\">\n\t\t\t\t\t<div class=\"elementor-column elementor-col-100 elementor-inner-column elementor-element elementor-element-22a7847f\" data-id=\"22a7847f\" data-element_type=\"column\" data-e-type=\"column\" data-settings=\"{&quot;animation&quot;:&quot;none&quot;}\">\n\t\t\t<div class=\"elementor-widget-wrap elementor-element-populated\">\n\t\t\t\t\t\t<div class=\"elementor-element elementor-element-a8b29d2 elementor-widget elementor-widget-heading\" data-id=\"a8b29d2\" data-element_type=\"widget\" data-e-type=\"widget\" data-settings=\"{&quot;_animation&quot;:&quot;none&quot;}\" data-widget_type=\"heading.default\">\n\t\t\t\t\t<h2 class=\"elementor-heading-title elementor-size-default\">Some of our treasures...<\/h2>\t\t\t\t<\/div>\n\t\t<div class=\"elementor-element elementor-element-07dadde e-grid e-con-boxed wpr-particle-no wpr-jarallax-no wpr-parallax-no wpr-sticky-section-no wpr-equal-height-no e-con e-parent\" data-id=\"07dadde\" data-element_type=\"container\" data-e-type=\"container\">\n\t\t\t\t\t<div class=\"e-con-inner\">\n\t\t\t\t<div class=\"elementor-element elementor-element-039a822 elementor-position-top elementor-widget elementor-widget-image-box\" data-id=\"039a822\" data-element_type=\"widget\" data-e-type=\"widget\" data-widget_type=\"image-box.default\">\n\t\t\t\t\t<div class=\"elementor-image-box-wrapper\"><figure class=\"elementor-image-box-img\"><a href=\"https:\/\/openespais.com\/en\/espacios\/palacete-13\/\" tabindex=\"-1\"><img decoding=\"async\" width=\"600\" height=\"800\" src=\"https:\/\/openespais.com\/wp-content\/uploads\/2026\/03\/Palacete-13.jpg\" class=\"attachment-full size-full wp-image-822\" alt=\"\" srcset=\"https:\/\/openespais.com\/wp-content\/uploads\/2026\/03\/Palacete-13.jpg 600w, https:\/\/openespais.com\/wp-content\/uploads\/2026\/03\/Palacete-13-225x300.jpg 225w\" sizes=\"(max-width: 600px) 100vw, 600px\" \/><\/a><\/figure><div class=\"elementor-image-box-content\"><h3 class=\"elementor-image-box-title\"><a href=\"https:\/\/openespais.com\/en\/espacios\/palacete-13\/\">Palacete 13<\/a><\/h3><\/div><\/div>\t\t\t\t<\/div>\n\t\t\t\t<div class=\"elementor-element elementor-element-8e51928 elementor-position-top elementor-widget elementor-widget-image-box\" data-id=\"8e51928\" data-element_type=\"widget\" data-e-type=\"widget\" data-widget_type=\"image-box.default\">\n\t\t\t\t\t<div class=\"elementor-image-box-wrapper\"><figure class=\"elementor-image-box-img\"><a href=\"https:\/\/openespais.com\/en\/espacios\/palacete-en-sitges\/\" tabindex=\"-1\"><img decoding=\"async\" width=\"600\" height=\"800\" src=\"https:\/\/openespais.com\/wp-content\/uploads\/2026\/03\/clos-la-plana.jpg\" class=\"attachment-full size-full wp-image-1140\" alt=\"\" srcset=\"https:\/\/openespais.com\/wp-content\/uploads\/2026\/03\/clos-la-plana.jpg 600w, https:\/\/openespais.com\/wp-content\/uploads\/2026\/03\/clos-la-plana-225x300.jpg 225w, https:\/\/openespais.com\/wp-content\/uploads\/2026\/03\/clos-la-plana-9x12.jpg 9w\" sizes=\"(max-width: 600px) 100vw, 600px\" \/><\/a><\/figure><div class=\"elementor-image-box-content\"><h3 class=\"elementor-image-box-title\"><a href=\"https:\/\/openespais.com\/en\/espacios\/palacete-en-sitges\/\">Palacete in Sitges<\/a><\/h3><\/div><\/div>\t\t\t\t<\/div>\n\t\t\t\t<div class=\"elementor-element elementor-element-33b1130 elementor-position-top elementor-widget elementor-widget-image-box\" data-id=\"33b1130\" data-element_type=\"widget\" data-e-type=\"widget\" data-widget_type=\"image-box.default\">\n\t\t\t\t\t<div class=\"elementor-image-box-wrapper\"><figure class=\"elementor-image-box-img\"><a href=\"https:\/\/openespais.com\/en\/espacios\/villa-lady\/\" tabindex=\"-1\"><img loading=\"lazy\" decoding=\"async\" width=\"600\" height=\"800\" src=\"https:\/\/openespais.com\/wp-content\/uploads\/2026\/03\/Villa-lady.jpg\" class=\"attachment-full size-full wp-image-824\" alt=\"\" srcset=\"https:\/\/openespais.com\/wp-content\/uploads\/2026\/03\/Villa-lady.jpg 600w, https:\/\/openespais.com\/wp-content\/uploads\/2026\/03\/Villa-lady-225x300.jpg 225w\" sizes=\"(max-width: 600px) 100vw, 600px\" \/><\/a><\/figure><div class=\"elementor-image-box-content\"><h3 class=\"elementor-image-box-title\"><a href=\"https:\/\/openespais.com\/en\/espacios\/villa-lady\/\">Villa Lady<\/a><\/h3><\/div><\/div>\t\t\t\t<\/div>\n\t\t\t\t<div class=\"elementor-element elementor-element-e722c25 elementor-position-top elementor-widget elementor-widget-image-box\" data-id=\"e722c25\" data-element_type=\"widget\" data-e-type=\"widget\" data-widget_type=\"image-box.default\">\n\t\t\t\t\t<div class=\"elementor-image-box-wrapper\"><figure class=\"elementor-image-box-img\"><a href=\"https:\/\/openespais.com\/en\/espacios\/espacio-volcanico\/\" tabindex=\"-1\"><img loading=\"lazy\" decoding=\"async\" width=\"600\" height=\"800\" src=\"https:\/\/openespais.com\/wp-content\/uploads\/2026\/03\/MAFIC.jpg\" class=\"attachment-full size-full wp-image-1138\" alt=\"\" srcset=\"https:\/\/openespais.com\/wp-content\/uploads\/2026\/03\/MAFIC.jpg 600w, https:\/\/openespais.com\/wp-content\/uploads\/2026\/03\/MAFIC-225x300.jpg 225w, https:\/\/openespais.com\/wp-content\/uploads\/2026\/03\/MAFIC-9x12.jpg 9w\" sizes=\"(max-width: 600px) 100vw, 600px\" \/><\/a><\/figure><div class=\"elementor-image-box-content\"><h3 class=\"elementor-image-box-title\"><a href=\"https:\/\/openespais.com\/en\/espacios\/espacio-volcanico\/\">Espacio Volc\u00e1nico<\/a><\/h3><\/div><\/div>\t\t\t\t<\/div>\n\t\t\t\t<div class=\"elementor-element elementor-element-5f9a9a2 elementor-position-top elementor-widget elementor-widget-image-box\" data-id=\"5f9a9a2\" data-element_type=\"widget\" data-e-type=\"widget\" data-widget_type=\"image-box.default\">\n\t\t\t\t\t<div class=\"elementor-image-box-wrapper\"><figure class=\"elementor-image-box-img\"><a href=\"https:\/\/openespais.com\/en\/espacios\/loft-ny\/\" tabindex=\"-1\"><img loading=\"lazy\" decoding=\"async\" width=\"600\" height=\"800\" src=\"https:\/\/openespais.com\/wp-content\/uploads\/2026\/03\/NY.jpg\" class=\"attachment-full size-full wp-image-821\" alt=\"\" srcset=\"https:\/\/openespais.com\/wp-content\/uploads\/2026\/03\/NY.jpg 600w, https:\/\/openespais.com\/wp-content\/uploads\/2026\/03\/NY-225x300.jpg 225w\" sizes=\"(max-width: 600px) 100vw, 600px\" \/><\/a><\/figure><div class=\"elementor-image-box-content\"><h3 class=\"elementor-image-box-title\"><a href=\"https:\/\/openespais.com\/en\/espacios\/loft-ny\/\">Loft NY<\/a><\/h3><\/div><\/div>\t\t\t\t<\/div>\n\t\t\t\t<div class=\"elementor-element elementor-element-565e934 elementor-position-top elementor-widget elementor-widget-image-box\" data-id=\"565e934\" data-element_type=\"widget\" data-e-type=\"widget\" data-widget_type=\"image-box.default\">\n\t\t\t\t\t<div class=\"elementor-image-box-wrapper\"><figure class=\"elementor-image-box-img\"><a href=\"https:\/\/openespais.com\/en\/espacios\/espacio-el-convento\/\" tabindex=\"-1\"><img loading=\"lazy\" decoding=\"async\" width=\"600\" height=\"800\" src=\"https:\/\/openespais.com\/wp-content\/uploads\/2026\/03\/Convent.jpg\" class=\"attachment-full size-full wp-image-818\" alt=\"\" srcset=\"https:\/\/openespais.com\/wp-content\/uploads\/2026\/03\/Convent.jpg 600w, https:\/\/openespais.com\/wp-content\/uploads\/2026\/03\/Convent-225x300.jpg 225w\" sizes=\"(max-width: 600px) 100vw, 600px\" \/><\/a><\/figure><div class=\"elementor-image-box-content\"><h3 class=\"elementor-image-box-title\"><a href=\"https:\/\/openespais.com\/en\/espacios\/espacio-el-convento\/\">El Convento<\/a><\/h3><\/div><\/div>\t\t\t\t<\/div>\n\t\t\t\t<div class=\"elementor-element elementor-element-61df182 elementor-position-top elementor-widget elementor-widget-image-box\" data-id=\"61df182\" data-element_type=\"widget\" data-e-type=\"widget\" data-widget_type=\"image-box.default\">\n\t\t\t\t\t<div class=\"elementor-image-box-wrapper\"><figure class=\"elementor-image-box-img\"><a href=\"https:\/\/openespais.com\/en\/espacios\/el-diamante-de-sarria\/\" tabindex=\"-1\"><img loading=\"lazy\" decoding=\"async\" width=\"600\" height=\"800\" src=\"https:\/\/openespais.com\/wp-content\/uploads\/2026\/03\/Diamante-sarria.jpg\" class=\"attachment-full size-full wp-image-819\" alt=\"\" srcset=\"https:\/\/openespais.com\/wp-content\/uploads\/2026\/03\/Diamante-sarria.jpg 600w, https:\/\/openespais.com\/wp-content\/uploads\/2026\/03\/Diamante-sarria-225x300.jpg 225w\" sizes=\"(max-width: 600px) 100vw, 600px\" \/><\/a><\/figure><div class=\"elementor-image-box-content\"><h3 class=\"elementor-image-box-title\"><a href=\"https:\/\/openespais.com\/en\/espacios\/el-diamante-de-sarria\/\">El Diamante de Sarria<\/a><\/h3><\/div><\/div>\t\t\t\t<\/div>\n\t\t\t\t<div class=\"elementor-element elementor-element-14b5443 elementor-position-top elementor-widget elementor-widget-image-box\" data-id=\"14b5443\" data-element_type=\"widget\" data-e-type=\"widget\" data-widget_type=\"image-box.default\">\n\t\t\t\t\t<div class=\"elementor-image-box-wrapper\"><figure class=\"elementor-image-box-img\"><a href=\"https:\/\/openespais.com\/en\/espacios\/bv-heritage\/\" tabindex=\"-1\"><img loading=\"lazy\" decoding=\"async\" width=\"600\" height=\"800\" src=\"https:\/\/openespais.com\/wp-content\/uploads\/2026\/03\/heritage-1.jpg\" class=\"attachment-full size-full wp-image-1141\" alt=\"\" srcset=\"https:\/\/openespais.com\/wp-content\/uploads\/2026\/03\/heritage-1.jpg 600w, https:\/\/openespais.com\/wp-content\/uploads\/2026\/03\/heritage-1-225x300.jpg 225w, https:\/\/openespais.com\/wp-content\/uploads\/2026\/03\/heritage-1-9x12.jpg 9w\" sizes=\"(max-width: 600px) 100vw, 600px\" \/><\/a><\/figure><div class=\"elementor-image-box-content\"><h3 class=\"elementor-image-box-title\"><a href=\"https:\/\/openespais.com\/en\/espacios\/bv-heritage\/\">BV Heritage<\/a><\/h3><\/div><\/div>\t\t\t\t<\/div>\n\t\t\t\t<div class=\"elementor-element elementor-element-eb1fa10 elementor-position-top elementor-widget elementor-widget-image-box\" data-id=\"eb1fa10\" data-element_type=\"widget\" data-e-type=\"widget\" data-widget_type=\"image-box.default\">\n\t\t\t\t\t<div class=\"elementor-image-box-wrapper\"><figure class=\"elementor-image-box-img\"><a href=\"https:\/\/openespais.com\/en\/espacios\/marina-ocean\/\" tabindex=\"-1\"><img loading=\"lazy\" decoding=\"async\" width=\"600\" height=\"800\" src=\"https:\/\/openespais.com\/wp-content\/uploads\/2026\/04\/marina-ocean.jpg\" class=\"attachment-full size-full wp-image-1551\" alt=\"\" srcset=\"https:\/\/openespais.com\/wp-content\/uploads\/2026\/04\/marina-ocean.jpg 600w, https:\/\/openespais.com\/wp-content\/uploads\/2026\/04\/marina-ocean-225x300.jpg 225w, https:\/\/openespais.com\/wp-content\/uploads\/2026\/04\/marina-ocean-9x12.jpg 9w\" sizes=\"(max-width: 600px) 100vw, 600px\" \/><\/a><\/figure><div class=\"elementor-image-box-content\"><h3 class=\"elementor-image-box-title\"><a href=\"https:\/\/openespais.com\/en\/espacios\/marina-ocean\/\">Marina Ocean<\/a><\/h3><\/div><\/div>\t\t\t\t<\/div>\n\t\t\t\t<div class=\"elementor-element elementor-element-845de39 elementor-position-top elementor-widget elementor-widget-image-box\" data-id=\"845de39\" data-element_type=\"widget\" data-e-type=\"widget\" data-widget_type=\"image-box.default\">\n\t\t\t\t\t<div class=\"elementor-image-box-wrapper\"><figure class=\"elementor-image-box-img\"><a href=\"https:\/\/openespais.com\/en\/espacios\/alma-eixample\/\" tabindex=\"-1\"><img loading=\"lazy\" decoding=\"async\" width=\"600\" height=\"800\" src=\"https:\/\/openespais.com\/wp-content\/uploads\/2026\/04\/eixample-1.jpg\" class=\"attachment-full size-full wp-image-1657\" alt=\"\" srcset=\"https:\/\/openespais.com\/wp-content\/uploads\/2026\/04\/eixample-1.jpg 600w, https:\/\/openespais.com\/wp-content\/uploads\/2026\/04\/eixample-1-225x300.jpg 225w, https:\/\/openespais.com\/wp-content\/uploads\/2026\/04\/eixample-1-9x12.jpg 9w\" sizes=\"(max-width: 600px) 100vw, 600px\" \/><\/a><\/figure><div class=\"elementor-image-box-content\"><h3 class=\"elementor-image-box-title\"><a href=\"https:\/\/openespais.com\/en\/espacios\/alma-eixample\/\">Alma Eixample<\/a><\/h3><\/div><\/div>\t\t\t\t<\/div>\n\t\t\t\t<div class=\"elementor-element elementor-element-2b79ef8 elementor-position-top elementor-widget elementor-widget-image-box\" data-id=\"2b79ef8\" data-element_type=\"widget\" data-e-type=\"widget\" data-widget_type=\"image-box.default\">\n\t\t\t\t\t<div class=\"elementor-image-box-wrapper\"><figure class=\"elementor-image-box-img\"><a href=\"https:\/\/openespais.com\/en\/espacios\/espacio-ronda\/\" tabindex=\"-1\"><img loading=\"lazy\" decoding=\"async\" width=\"600\" height=\"800\" src=\"https:\/\/openespais.com\/wp-content\/uploads\/2026\/03\/auditorio-1.jpg\" class=\"attachment-full size-full wp-image-1139\" alt=\"\" srcset=\"https:\/\/openespais.com\/wp-content\/uploads\/2026\/03\/auditorio-1.jpg 600w, https:\/\/openespais.com\/wp-content\/uploads\/2026\/03\/auditorio-1-225x300.jpg 225w, https:\/\/openespais.com\/wp-content\/uploads\/2026\/03\/auditorio-1-9x12.jpg 9w\" sizes=\"(max-width: 600px) 100vw, 600px\" \/><\/a><\/figure><div class=\"elementor-image-box-content\"><h3 class=\"elementor-image-box-title\"><a href=\"https:\/\/openespais.com\/en\/espacios\/espacio-ronda\/\">Espacio Ronda<\/a><\/h3><\/div><\/div>\t\t\t\t<\/div>\n\t\t\t\t<div class=\"elementor-element elementor-element-0171ed2 elementor-position-top elementor-widget elementor-widget-image-box\" data-id=\"0171ed2\" data-element_type=\"widget\" data-e-type=\"widget\" data-widget_type=\"image-box.default\">\n\t\t\t\t\t<div class=\"elementor-image-box-wrapper\"><figure class=\"elementor-image-box-img\"><a href=\"https:\/\/openespais.com\/en\/espacios\/atico-diagonal\/\" tabindex=\"-1\"><img loading=\"lazy\" decoding=\"async\" width=\"600\" height=\"800\" src=\"https:\/\/openespais.com\/wp-content\/uploads\/2026\/03\/atico.jpg\" class=\"attachment-full size-full wp-image-1276\" alt=\"\" srcset=\"https:\/\/openespais.com\/wp-content\/uploads\/2026\/03\/atico.jpg 600w, https:\/\/openespais.com\/wp-content\/uploads\/2026\/03\/atico-225x300.jpg 225w, https:\/\/openespais.com\/wp-content\/uploads\/2026\/03\/atico-9x12.jpg 9w\" sizes=\"(max-width: 600px) 100vw, 600px\" \/><\/a><\/figure><div class=\"elementor-image-box-content\"><h3 class=\"elementor-image-box-title\"><a href=\"https:\/\/openespais.com\/en\/espacios\/atico-diagonal\/\">\u00c1tico Diagonal<\/a><\/h3><\/div><\/div>\t\t\t\t<\/div>\n\t\t\t\t\t<\/div>\n\t\t\t\t<\/div>\n\t\t\t\t\t<\/div>\n\t\t<\/div>\n\t\t\t\t\t<\/div>\n\t\t<\/section>\n\t\t\t\t\t<\/div>\n\t\t<\/div>\n\t\t\t\t\t<\/div>\n\t\t<\/section>\n\t\t\t\t<\/div>","protected":false},"excerpt":{"rendered":"<p>Espacios con alma Uno de los factores determinantes para el \u00e9xito de tu evento es la correcta elecci\u00f3n del espacio&#8230; &#8230;Por eso nos hemos especializado en la b\u00fasqueda del espacio adecuado para cada ocasi\u00f3n. Nos apasiona y estamos siempre al d\u00eda para\u00a0 ofrecer nuevas y diferentes localizaciones. \u00a0 Nuestra experiencia nos hace apostar por venues singulares, espacios con personalidad y alma, vers\u00e1tiles y adaptables a diferentes tipos de eventos. \u00a0 Presentamos una peque\u00f1a y variada selecci\u00f3n de algunos de nuestros espacios en Catalu\u00f1a y el resto de Espa\u00f1a pero tenemos muchos m\u00e1s para ofrecerte\u00a0 y sorprenderte.\u00a0 Alguno de nuestros tesoros.. Palacete 13 Palacete en Sitges Villa Lady Espacio Volc\u00e1nico Loft NY El Convento El Diamante de Sarria BV Heritage Marina Ocean Alma Eixample Espacio Ronda \u00c1tico Diagonal<\/p>","protected":false},"author":2,"featured_media":0,"parent":0,"menu_order":0,"comment_status":"closed","ping_status":"closed","template":"","meta":{"footnotes":""},"class_list":["post-516","page","type-page","status-publish","hentry"],"_links":{"self":[{"href":"https:\/\/openespais.com\/en\/wp-json\/wp\/v2\/pages\/516","targetHints":{"allow":["GET"]}}],"collection":[{"href":"https:\/\/openespais.com\/en\/wp-json\/wp\/v2\/pages"}],"about":[{"href":"https:\/\/openespais.com\/en\/wp-json\/wp\/v2\/types\/page"}],"author":[{"embeddable":true,"href":"https:\/\/openespais.com\/en\/wp-json\/wp\/v2\/users\/2"}],"replies":[{"embeddable":true,"href":"https:\/\/openespais.com\/en\/wp-json\/wp\/v2\/comments?post=516"}],"version-history":[{"count":64,"href":"https:\/\/openespais.com\/en\/wp-json\/wp\/v2\/pages\/516\/revisions"}],"predecessor-version":[{"id":1692,"href":"https:\/\/openespais.com\/en\/wp-json\/wp\/v2\/pages\/516\/revisions\/1692"}],"wp:attachment":[{"href":"https:\/\/openespais.com\/en\/wp-json\/wp\/v2\/media?parent=516"}],"curies":[{"name":"wp","href":"https:\/\/api.w.org\/{rel}","templated":true}]}}